{"id":10,"date":"2025-03-03T14:24:10","date_gmt":"2025-03-03T14:24:10","guid":{"rendered":"http:\/\/academiaprofissional.com\/?page_id=10"},"modified":"2025-06-08T23:36:46","modified_gmt":"2025-06-08T23:36:46","slug":"my-account","status":"publish","type":"page","link":"https:\/\/academiaprofissional.com\/en\/my-account\/","title":{"rendered":"My account"},"content":{"rendered":"<div data-elementor-type=\"wp-page\" data-elementor-id=\"10\" class=\"elementor elementor-10\" data-elementor-post-type=\"page\">\n\t\t\t\t<div data-particle_enable=\"false\" data-particle-mobile-disabled=\"false\" class=\"elementor-element elementor-element-fb29b4d e-flex e-con-boxed e-con e-parent\" data-id=\"fb29b4d\" data-element_type=\"container\" data-e-type=\"container\" data-settings=\"{&quot;jet_parallax_layout_list&quot;:[]}\">\n\t\t\t\t\t<div class=\"e-con-inner\">\n\t\t\t\t<div class=\"elementor-element elementor-element-5c42bdc elementor-widget elementor-widget-heading\" data-id=\"5c42bdc\" data-element_type=\"widget\" data-e-type=\"widget\" data-widget_type=\"heading.default\">\n\t\t\t\t<div class=\"elementor-widget-container\">\n\t\t\t\t\t<h2 class=\"elementor-heading-title elementor-size-default\">My Account<\/h2>\t\t\t\t<\/div>\n\t\t\t\t<\/div>\n\t\t\t\t\t<\/div>\n\t\t\t\t<\/div>\n\t\t<div data-particle_enable=\"false\" data-particle-mobile-disabled=\"false\" class=\"elementor-element elementor-element-db43487 e-flex e-con-boxed e-con e-parent\" data-id=\"db43487\" data-element_type=\"container\" data-e-type=\"container\" data-settings=\"{&quot;jet_parallax_layout_list&quot;:[]}\">\n\t\t\t\t\t<div class=\"e-con-inner\">\n\t\t<div data-particle_enable=\"false\" data-particle-mobile-disabled=\"false\" class=\"elementor-element elementor-element-a0aed12 e-flex e-con-boxed e-con e-child\" data-id=\"a0aed12\" data-element_type=\"container\" data-e-type=\"container\" data-settings=\"{&quot;background_background&quot;:&quot;classic&quot;,&quot;jet_parallax_layout_list&quot;:[]}\">\n\t\t\t\t\t<div class=\"e-con-inner\">\n\t\t\t\t<div class=\"elementor-element elementor-element-423763a e-my-account-tabs-horizontal elementor-widget elementor-widget-woocommerce-my-account\" data-id=\"423763a\" data-element_type=\"widget\" data-e-type=\"widget\" data-widget_type=\"woocommerce-my-account.default\">\n\t\t\t\t<div class=\"elementor-widget-container\">\n\t\t\t\t\t<div class=\"e-my-account-tab e-my-account-tab__\">\t\t\t<div class=\"woocommerce\"><div class=\"woocommerce-notices-wrapper\"><\/div>\n\n<div class=\"u-columns col2-set\" id=\"customer_login\">\n\n\t<div class=\"u-column1 col-1\">\n\n\n\t\t<h2 data-no-translation=\"\" data-trp-gettext=\"\">Login<\/h2>\n\n\t\t<form class=\"woocommerce-form woocommerce-form-login login\" method=\"post\" novalidate action=\"\">\n\n\t\t\t\n\t\t\t<p class=\"woocommerce-form-row woocommerce-form-row--wide form-row form-row-wide\">\n\t\t\t\t<label for=\"username\">Username or email address&nbsp;<span class=\"required\" aria-hidden=\"true\">*<\/span><span class=\"screen-reader-text\" data-no-translation=\"\" data-trp-gettext=\"\">Required<\/span><\/label>\n\t\t\t\t<input type=\"text\" class=\"woocommerce-Input woocommerce-Input--text input-text\" name=\"username\" id=\"username\" autocomplete=\"username\" value=\"\" required aria-required=\"true\" \/>\t\t\t<\/p>\n\t\t\t<p class=\"woocommerce-form-row woocommerce-form-row--wide form-row form-row-wide\">\n\t\t\t\t<label for=\"password\">Password&nbsp;<span class=\"required\" aria-hidden=\"true\">*<\/span><span class=\"screen-reader-text\" data-no-translation=\"\" data-trp-gettext=\"\">Required<\/span><\/label>\n\t\t\t\t<input class=\"woocommerce-Input woocommerce-Input--text input-text\" type=\"password\" name=\"password\" id=\"password\" autocomplete=\"current-password\" required aria-required=\"true\" \/>\n\t\t\t<\/p>\n\n\t\t\t\n\t\t\t<p class=\"form-row\">\n\t\t\t\t<label class=\"woocommerce-form__label woocommerce-form__label-for-checkbox woocommerce-form-login__rememberme\">\n\t\t\t\t\t<input class=\"woocommerce-form__input woocommerce-form__input-checkbox\" name=\"rememberme\" type=\"checkbox\" id=\"rememberme\" value=\"forever\" \/> <span data-no-translation=\"\" data-trp-gettext=\"\">Remember me<\/span>\n\t\t\t\t<\/label>\n\t\t\t\t<input type=\"hidden\" id=\"woocommerce-login-nonce\" name=\"woocommerce-login-nonce\" value=\"acb1e81b33\" \/><input type=\"hidden\" name=\"_wp_http_referer\" value=\"\/en\/wp-json\/wp\/v2\/pages\/10\" \/>\t\t\t\t<button type=\"submit\" class=\"woocommerce-button button woocommerce-form-login__submit\" name=\"login\" value=\"Log in\" data-no-translation=\"\" data-trp-gettext=\"\" data-no-translation-value=\"\">Log in<\/button>\n\t\t\t<\/p>\n\t\t\t<p class=\"woocommerce-LostPassword lost_password\">\n\t\t\t\t<a href=\"https:\/\/academiaprofissional.com\/en\/my-account\/lost-password\/\" data-no-translation=\"\" data-trp-gettext=\"\">Lost your password?<\/a>\n\t\t\t<\/p>\n\n\t\t\t\n\t\t<input type=\"hidden\" name=\"trp-form-language\" value=\"en\"\/><\/form>\n\n\n\t<\/div>\n\n\t<div class=\"u-column2 col-2\">\n\n\t\t<h2 data-no-translation=\"\" data-trp-gettext=\"\">Register<\/h2>\n\n\t\t<form method=\"post\" class=\"woocommerce-form woocommerce-form-register register\" action=\"\"  >\n\n\t\t\t\n\t\t\t\n\t\t\t<p class=\"woocommerce-form-row woocommerce-form-row--wide form-row form-row-wide\">\n\t\t\t\t<label for=\"reg_email\">Email address&nbsp;<span class=\"required\" aria-hidden=\"true\">*<\/span><span class=\"screen-reader-text\" data-no-translation=\"\" data-trp-gettext=\"\">Required<\/span><\/label>\n\t\t\t\t<input type=\"email\" class=\"woocommerce-Input woocommerce-Input--text input-text\" name=\"email\" id=\"reg_email\" autocomplete=\"email\" value=\"\" required aria-required=\"true\" \/>\t\t\t<\/p>\n\n\t\t\t\n\t\t\t\t<p data-no-translation=\"\" data-trp-gettext=\"\">A link to set a new password will be sent to your email address.<\/p>\n\n\t\t\t\n\t\t\t\r\n\t\t\t<script>\r\n\t\t\tif ( typeof huOptions !== 'undefined' ) {\r\n\t\t\t\tvar huFormData = {\"source\":\"woocommerce\",\"id\":\"wc_registration_form\",\"title\":\"Registration Form\",\"fields\":{\"subject\":{\"email\":\"email\"},\"preferences\":[]},\"preferences\":{\"privacy\":true}};\r\n\t\t\t\tvar huFormNode = document.querySelector( '.woocommerce-form-register' );\r\n\r\n\t\t\t\thuFormData['node'] = huFormNode;\r\n\t\t\t\thuOptions['forms'].push( huFormData );\r\n\t\t\t}\r\n\t\t\t<\/script><wc-order-attribution-inputs><\/wc-order-attribution-inputs><div class=\"woocommerce-privacy-policy-text\"><p>Your personal data will be used to support your experience throughout this website, to manage access to your account, and for other purposes described in our website. <a href=\"https:\/\/academiaprofissional.com\/en\/privacy-policy\/\" class=\"woocommerce-privacy-policy-link\" target=\"_blank\" data-no-translation=\"\" data-trp-gettext=\"\">privacy policy<\/a>.<\/p>\n<\/div>\n\t\t\t<p class=\"woocommerce-form-row form-row\">\n\t\t\t\t<input type=\"hidden\" id=\"woocommerce-register-nonce\" name=\"woocommerce-register-nonce\" value=\"ccef68f829\" \/><input type=\"hidden\" name=\"_wp_http_referer\" value=\"\/en\/wp-json\/wp\/v2\/pages\/10\" \/>\t\t\t\t<button type=\"submit\" class=\"woocommerce-Button woocommerce-button button woocommerce-form-register__submit\" name=\"register\" value=\"Register\" data-no-translation=\"\" data-trp-gettext=\"\" data-no-translation-value=\"\">Register<\/button>\n\t\t\t<\/p>\n\n\t\t\t\n\t\t<input type=\"hidden\" name=\"trp-form-language\" value=\"en\"\/><\/form>\n\n\t<\/div>\n\n<\/div>\n\n<\/div>\t\t<\/div>\n\t\t\t\t\t\t<\/div>\n\t\t\t\t<\/div>\n\t\t\t\t\t<\/div>\n\t\t\t\t<\/div>\n\t\t\t\t\t<\/div>\n\t\t\t\t<\/div>\n\t\t\t\t<\/div>","protected":false},"excerpt":{"rendered":"<p>Minha Conta Painel Compras E-Books Moradas Meus Dados Sair Painel Compras E-Books Moradas Meus Dados Sair Painel Compras E-Books Moradas Meus Dados Sair Painel Compras E-Books Moradas Meus Dados Sair Ol\u00e1 LAURA urbano (n\u00e3o \u00e9 LAURA urbano? Sair) From your account dashboard you can view your recent orders, manage your billing address, and edit your [&hellip;]<\/p>","protected":false},"author":1,"featured_media":0,"parent":0,"menu_order":0,"comment_status":"closed","ping_status":"closed","template":"","meta":{"_jf_save_progress":"","_jet_sm_ready_style":"","_jet_sm_style":"","_jet_sm_controls_values":"","_jet_sm_fonts_collection":"","_jet_sm_fonts_links":"","footnotes":""},"class_list":["post-10","page","type-page","status-publish","hentry"],"yoast_head":"<!-- This site is optimized with the Yoast SEO plugin v27.4 - https:\/\/yoast.com\/product\/yoast-seo-wordpress\/ -->\n<title>My account - Academia Profissional<\/title>\n<meta name=\"robots\" content=\"index, follow, max-snippet:-1, max-image-preview:large, max-video-preview:-1\" \/>\n<link rel=\"canonical\" href=\"https:\/\/academiaprofissional.com\/en\/my-account\/\" \/>\n<meta property=\"og:locale\" content=\"en_GB\" \/>\n<meta property=\"og:type\" content=\"article\" \/>\n<meta property=\"og:title\" content=\"My account - Academia Profissional\" \/>\n<meta property=\"og:description\" content=\"Minha Conta Painel Compras E-Books Moradas Meus Dados Sair Painel Compras E-Books Moradas Meus Dados Sair Painel Compras E-Books Moradas Meus Dados Sair Painel Compras E-Books Moradas Meus Dados Sair Ol\u00e1 LAURA urbano (n\u00e3o \u00e9 LAURA urbano? Sair) From your account dashboard you can view your recent orders, manage your billing address, and edit your [&hellip;]\" \/>\n<meta property=\"og:url\" content=\"https:\/\/academiaprofissional.com\/en\/my-account\/\" \/>\n<meta property=\"og:site_name\" content=\"Academia Profissional\" \/>\n<meta property=\"article:modified_time\" content=\"2025-06-08T23:36:46+00:00\" \/>\n<meta name=\"twitter:card\" content=\"summary_large_image\" \/>\n<meta name=\"twitter:label1\" content=\"Estimated reading time\" \/>\n\t<meta name=\"twitter:data1\" content=\"2 minutes\" \/>\n<script type=\"application\/ld+json\" class=\"yoast-schema-graph\">{\"@context\":\"https:\\\/\\\/schema.org\",\"@graph\":[{\"@type\":\"WebPage\",\"@id\":\"https:\\\/\\\/academiaprofissional.com\\\/my-account\\\/\",\"url\":\"https:\\\/\\\/academiaprofissional.com\\\/my-account\\\/\",\"name\":\"My account - Academia Profissional\",\"isPartOf\":{\"@id\":\"https:\\\/\\\/academiaprofissional.com\\\/#website\"},\"datePublished\":\"2025-03-03T14:24:10+00:00\",\"dateModified\":\"2025-06-08T23:36:46+00:00\",\"breadcrumb\":{\"@id\":\"https:\\\/\\\/academiaprofissional.com\\\/my-account\\\/#breadcrumb\"},\"inLanguage\":\"en-GB\",\"potentialAction\":[{\"@type\":\"ReadAction\",\"target\":[\"https:\\\/\\\/academiaprofissional.com\\\/my-account\\\/\"]}]},{\"@type\":\"BreadcrumbList\",\"@id\":\"https:\\\/\\\/academiaprofissional.com\\\/my-account\\\/#breadcrumb\",\"itemListElement\":[{\"@type\":\"ListItem\",\"position\":1,\"name\":\"Home\",\"item\":\"\\\/\"},{\"@type\":\"ListItem\",\"position\":2,\"name\":\"My account\"}]},{\"@type\":\"WebSite\",\"@id\":\"https:\\\/\\\/academiaprofissional.com\\\/#website\",\"url\":\"https:\\\/\\\/academiaprofissional.com\\\/\",\"name\":\"Academia Profissional\",\"description\":\"Academia Profissional Cake design - Bakery School\",\"publisher\":{\"@id\":\"https:\\\/\\\/academiaprofissional.com\\\/#organization\"},\"potentialAction\":[{\"@type\":\"SearchAction\",\"target\":{\"@type\":\"EntryPoint\",\"urlTemplate\":\"https:\\\/\\\/academiaprofissional.com\\\/?s={search_term_string}\"},\"query-input\":{\"@type\":\"PropertyValueSpecification\",\"valueRequired\":true,\"valueName\":\"search_term_string\"}}],\"inLanguage\":\"en-GB\"},{\"@type\":\"Organization\",\"@id\":\"https:\\\/\\\/academiaprofissional.com\\\/#organization\",\"name\":\"Academia Profissional\",\"url\":\"https:\\\/\\\/academiaprofissional.com\\\/\",\"logo\":{\"@type\":\"ImageObject\",\"inLanguage\":\"en-GB\",\"@id\":\"https:\\\/\\\/academiaprofissional.com\\\/#\\\/schema\\\/logo\\\/image\\\/\",\"url\":\"https:\\\/\\\/academiaprofissional.com\\\/wp-content\\\/uploads\\\/2025\\\/03\\\/DEFINITIVO.png\",\"contentUrl\":\"https:\\\/\\\/academiaprofissional.com\\\/wp-content\\\/uploads\\\/2025\\\/03\\\/DEFINITIVO.png\",\"width\":3785,\"height\":3785,\"caption\":\"Academia Profissional\"},\"image\":{\"@id\":\"https:\\\/\\\/academiaprofissional.com\\\/#\\\/schema\\\/logo\\\/image\\\/\"}}]}<\/script>\n<!-- \/ Yoast SEO plugin. -->","yoast_head_json":{"title":"My account - Academia Profissional","robots":{"index":"index","follow":"follow","max-snippet":"max-snippet:-1","max-image-preview":"max-image-preview:large","max-video-preview":"max-video-preview:-1"},"canonical":"https:\/\/academiaprofissional.com\/en\/my-account\/","og_locale":"en_GB","og_type":"article","og_title":"My account - Academia Profissional","og_description":"Minha Conta Painel Compras E-Books Moradas Meus Dados Sair Painel Compras E-Books Moradas Meus Dados Sair Painel Compras E-Books Moradas Meus Dados Sair Painel Compras E-Books Moradas Meus Dados Sair Ol\u00e1 LAURA urbano (n\u00e3o \u00e9 LAURA urbano? Sair) From your account dashboard you can view your recent orders, manage your billing address, and edit your [&hellip;]","og_url":"https:\/\/academiaprofissional.com\/en\/my-account\/","og_site_name":"Academia Profissional","article_modified_time":"2025-06-08T23:36:46+00:00","twitter_card":"summary_large_image","twitter_misc":{"Estimated reading time":"2 minutes"},"schema":{"@context":"https:\/\/schema.org","@graph":[{"@type":"WebPage","@id":"https:\/\/academiaprofissional.com\/my-account\/","url":"https:\/\/academiaprofissional.com\/my-account\/","name":"My account - Academia Profissional","isPartOf":{"@id":"https:\/\/academiaprofissional.com\/#website"},"datePublished":"2025-03-03T14:24:10+00:00","dateModified":"2025-06-08T23:36:46+00:00","breadcrumb":{"@id":"https:\/\/academiaprofissional.com\/my-account\/#breadcrumb"},"inLanguage":"en-GB","potentialAction":[{"@type":"ReadAction","target":["https:\/\/academiaprofissional.com\/my-account\/"]}]},{"@type":"BreadcrumbList","@id":"https:\/\/academiaprofissional.com\/my-account\/#breadcrumb","itemListElement":[{"@type":"ListItem","position":1,"name":"Home","item":"\/"},{"@type":"ListItem","position":2,"name":"My account"}]},{"@type":"WebSite","@id":"https:\/\/academiaprofissional.com\/#website","url":"https:\/\/academiaprofissional.com\/","name":"Professional Academy","description":"Professional Cake Design Academy - Bakery School","publisher":{"@id":"https:\/\/academiaprofissional.com\/#organization"},"potentialAction":[{"@type":"SearchAction","target":{"@type":"EntryPoint","urlTemplate":"https:\/\/academiaprofissional.com\/?s={search_term_string}"},"query-input":{"@type":"PropertyValueSpecification","valueRequired":true,"valueName":"search_term_string"}}],"inLanguage":"en-GB"},{"@type":"Organization","@id":"https:\/\/academiaprofissional.com\/#organization","name":"Professional Academy","url":"https:\/\/academiaprofissional.com\/","logo":{"@type":"ImageObject","inLanguage":"en-GB","@id":"https:\/\/academiaprofissional.com\/#\/schema\/logo\/image\/","url":"https:\/\/academiaprofissional.com\/wp-content\/uploads\/2025\/03\/DEFINITIVO.png","contentUrl":"https:\/\/academiaprofissional.com\/wp-content\/uploads\/2025\/03\/DEFINITIVO.png","width":3785,"height":3785,"caption":"Academia Profissional"},"image":{"@id":"https:\/\/academiaprofissional.com\/#\/schema\/logo\/image\/"}}]}},"_links":{"self":[{"href":"https:\/\/academiaprofissional.com\/en\/wp-json\/wp\/v2\/pages\/10","targetHints":{"allow":["GET"]}}],"collection":[{"href":"https:\/\/academiaprofissional.com\/en\/wp-json\/wp\/v2\/pages"}],"about":[{"href":"https:\/\/academiaprofissional.com\/en\/wp-json\/wp\/v2\/types\/page"}],"author":[{"embeddable":true,"href":"https:\/\/academiaprofissional.com\/en\/wp-json\/wp\/v2\/users\/1"}],"replies":[{"embeddable":true,"href":"https:\/\/academiaprofissional.com\/en\/wp-json\/wp\/v2\/comments?post=10"}],"version-history":[{"count":9,"href":"https:\/\/academiaprofissional.com\/en\/wp-json\/wp\/v2\/pages\/10\/revisions"}],"predecessor-version":[{"id":1232,"href":"https:\/\/academiaprofissional.com\/en\/wp-json\/wp\/v2\/pages\/10\/revisions\/1232"}],"wp:attachment":[{"href":"https:\/\/academiaprofissional.com\/en\/wp-json\/wp\/v2\/media?parent=10"}],"curies":[{"name":"wp","href":"https:\/\/api.w.org\/{rel}","templated":true}]}}