{"id":2464,"date":"2026-01-03T10:03:25","date_gmt":"2026-01-03T10:03:25","guid":{"rendered":"https:\/\/academiaprofissional.com\/?post_type=product&#038;p=2464"},"modified":"2026-01-06T21:43:58","modified_gmt":"2026-01-06T21:43:58","slug":"receitas-intemporais","status":"publish","type":"product","link":"https:\/\/academiaprofissional.com\/en\/product\/receitas-intemporais\/","title":{"rendered":"Timeless Recipes"},"content":{"rendered":"<div class=\"x78zum5 xdt5ytf x1iyjqo2 xhc7eg\">\n<div class=\"x9f619 x1ja2u2z __fb-light-mode x1xsqp64 x18d0r48 x78zum5 x1r8uery xdt5ytf x1iyjqo2 xmz0i5r x6ikm8r x10wlt62 x1n2onr6\">\n<div class=\"x78zum5 xdt5ytf x1iyjqo2 x5yr21d\" data-pagelet=\"MAWSecureThreadDetailWrapper\">\n<div id=\"_r_p0_\" class=\"x78zum5 xdt5ytf x1iyjqo2 x5yr21d\">\n<div class=\"x78zum5 xdt5ytf x1iyjqo2 x5yr21d\" data-pagelet=\"MWV2MessageList\">\n<div class=\"x1gp6l83 x18b5jzi x1alpsbp x148vw1v x1t7ytsu xyumdvf x78zum5 xdt5ytf x1iyjqo2 x6ikm8r x10wlt62\" role=\"grid\" aria-label=\"Messages in the conversation with Francisco Henriques\">\n<div class=\"x1qjc9v5 x9f619 xdl72j9 x2lwn1j xeuugli x1n2onr6 x78zum5 xdt5ytf x1iyjqo2 xs83m0k x6ikm8r x10wlt62 x1ja2u2z\">\n<div class=\"x78zum5 xdt5ytf x1iyjqo2 x6ikm8r x1odjw0f xish69e x16o0dkt\" role=\"none\">\n<div class=\"x78zum5 xdt5ytf x1iyjqo2 x2lah0s xl56j7k x121v3j4\">\n<div>\n<div class=\"x78zum5 xdt5ytf\" data-virtualized=\"false\">\n<div class=\"x9f619 x1n2onr6 x1ja2u2z\">\n<div data-pagelet=\"MWMessageRow\">\n<div>\n<div class=\"__fb-light-mode x1n2onr6\" role=\"row\">\n<div>\n<div class=\"x78zum5 xdt5ytf x1n2onr6\" tabindex=\"0\" role=\"gridcell\" data-release-focus-from=\"CLICK\" data-scope=\"messages_table\">\n<div class=\"html-div xdj266r x14z9mp xat24cr x1lziwak xexx8yu xyri2b x18d9i69 x1c1uobl x78zum5 x15zctf7\">\n<div class=\"html-div xdj266r x14z9mp xat24cr x1lziwak xexx8yu xyri2b x18d9i69 x1c1uobl xeuugli x1vjfegm\">\n<div>\n<div class=\"html-div xdj266r x14z9mp xat24cr x1lziwak xexx8yu xyri2b x18d9i69 x1c1uobl x78zum5 xh8yej3\" role=\"presentation\">\n<div class=\"x78zum5 xdt5ytf x193iq5w x1n2onr6 x1kxipp6 xuk3077\">\n<div class=\"x78zum5 xh8yej3\" role=\"none\">\n<div class=\"html-div xdj266r x14z9mp xat24cr x1lziwak xexx8yu xyri2b x18d9i69 x1c1uobl x6ikm8r x10wlt62\">\n<div class=\"html-div xdj266r x14z9mp xat24cr x1lziwak x14ctfv x13sv91t x6ikm8r x10wlt62 xerhiuh x1pn3fxy x10zy8in xm9bcq3 x1n2onr6 x1vjfegm x1k4qllp x1mzt3pk x13faqbe x11jlvup xpmdkuv xrmkrer x12z03op x9wyiwl x13fuv20 x18b5jzi x1q0q8m5 x1t7ytsu x12lizq0 x1nrdd72 x1ybe9c6 xx487zo xaymx6s x1lu5o8o x1ou5ly4 xofb2d2\" role=\"presentation\">\n<div class=\"html-div xexx8yu xyri2b x18d9i69 x1c1uobl x1gslohp x14z9mp x12nagc x1lziwak x1yc453h x126k92a xyk4ms5\" dir=\"auto\">There are recipes that don&#039;t follow trends. They endure.<\/div>\n<div class=\"html-div xexx8yu xyri2b x18d9i69 x1c1uobl x1gslohp x14z9mp x12nagc x1lziwak x1yc453h x126k92a xyk4ms5\" dir=\"auto\">Timeless Recipes is an e-book dedicated to the great classics of pastry, designed for those who value flavor, technique, and balance.<\/div>\n<div class=\"html-div xexx8yu xyri2b x18d9i69 x1c1uobl x1gslohp x14z9mp x12nagc x1lziwak x1yc453h x126k92a xyk4ms5\" dir=\"auto\">Solid, tested, and versatile recipes, ideal for professional use or for anyone seeking consistent and elegant results.<\/div>\n<div dir=\"auto\"><\/div>\n<div class=\"html-div xexx8yu xyri2b x18d9i69 x1c1uobl x1gslohp x14z9mp x12nagc x1lziwak x1yc453h x126k92a xyk4ms5\" dir=\"auto\">In this book you will find <strong>5 classic cake recipes<\/strong>each one accompanied by<strong> 2 fillings<\/strong> Carefully selected, creating harmonious combinations that respect tradition and elevate the final result.<\/div>\n<\/div>\n<\/div>\n<\/div>\n<\/div>\n<\/div>\n<div class=\"html-div xdj266r x14z9mp xat24cr x1lziwak xexx8yu xyri2b x18d9i69 x1c1uobl x1h91t0o xkh2ocl x78zum5 xdt5ytf x13a6bvl x193iq5w x1c4vz4f x1eb86dx\" role=\"presentation\">\n<div class=\"html-div xdj266r x14z9mp xat24cr x1lziwak xexx8yu xyri2b x18d9i69 x1c1uobl\">\n<p><span class=\"html-span xexx8yu xyri2b x18d9i69 x1c1uobl x1hl2dhg x16tdsg8 x1vvkbs x3nfvp2 x1j61x8r x1fcty0u xdj266r xat24cr xm2jcoa x1mpyi22 xxymvpz xlup9mm x1kky2od\"><img decoding=\"async\" class=\"xz74otr x15mokao x1ga7v0g x16uus16 xbiv7yw\" src=\"https:\/\/static.xx.fbcdn.net\/images\/emoji.php\/v9\/t75\/2\/16\/2728.png\" alt=\"\u2728\" width=\"16\" height=\"16\" \/><\/span> This e-book is ideal for:<\/p>\n<p>\u2022 cake designers and pastry professionals<\/p>\n<p>\u2022 current and former students of the Academy<\/p>\n<p>\u2022 Creating signature cakes based on classic recipes<\/p>\n<p>\u2022 For those seeking timeless, versatile recipes with a professional finish.<\/p>\n<p><strong> Timeless Recipes<\/strong> It&#039;s a solid foundation for creating, adapting, and delighting \u2014 today and always.<\/p>\n<\/div>\n<\/div>\n<\/div>\n<\/div>\n<div class=\"html-div xdj266r x14z9mp xat24cr x1lziwak xexx8yu x1c1uobl x1eb86dx x78zum5 x1c4vz4f x2lah0s xjqpyvm x120eax6\">\n<div class=\"html-div xdj266r x14z9mp xat24cr x1lziwak xexx8yu xyri2b x18d9i69 x1c1uobl x78zum5 x15zctf7 xamitd3\">\n<div class=\"html-div xdj266r x14z9mp xat24cr x1lziwak xexx8yu x18d9i69 x1c1uobl x78zum5 xdt5ytf x1iyjqo2 x2lah0s xl56j7k x1n2onr6 x1mqs8db x1n327nk x1gabggj\" aria-hidden=\"true\">\n<div class=\"html-div xdj266r x14z9mp xat24cr x1lziwak xexx8yu xyri2b x18d9i69 x1c1uobl x6s0dn4 xl5lk40 x78zum5 x1mqs8db x15zctf7\" role=\"presentation\">\n<div class=\"html-div xdj266r x14z9mp xat24cr x1lziwak xexx8yu xyri2b x18d9i69 x1c1uobl x6s0dn4 xl5lk40 x78zum5 x1mqs8db x15zctf7\" role=\"presentation\">\n<div class=\"html-div xdj266r x14z9mp xat24cr x1lziwak xexx8yu xyri2b x18d9i69 x1c1uobl\" aria-hidden=\"false\">\n<div class=\"x9f619 x1n2onr6 x1ja2u2z __fb-light-mode\"><\/div>\n<\/div>\n<\/div>\n<\/div>\n<\/div>\n<\/div>\n<\/div>\n<\/div>\n<\/div>\n<\/div>\n<\/div>\n<\/div>\n<\/div>\n<\/div>\n<\/div>\n<\/div>\n<\/div>\n<\/div>\n<\/div>\n<\/div>\n<\/div>\n<\/div>\n<\/div>\n<\/div>\n<\/div>\n<div data-pagelet=\"MWComposer\">\n<div>\n<div class=\"xuk3077 x57kliw x78zum5 x6prxxf xz9dl7a xsag5q8\" role=\"group\" aria-label=\"Sequence editor\">\n<div class=\"x1iyjqo2 xw2csxc x1n2onr6\">\n<div class=\"x78zum5 x1iyjqo2 x6q2ic0\">\n<div class=\"x16sw7j7 x12ol6y4 x180vkcf x1khw62d x709u02 x9f619 xlai7qp x1iyjqo2 xeuugli\">\n<div class=\"x78zum5 x13a6bvl\">\n<div class=\"x78zum5 x1iyjqo2 x1xmf6yo x1e56ztr xbmvrgn x1diwwjn xeuugli x1n2onr6\">\n<div class=\"xzsf02u x1a2a7pz x1n2onr6 x14wi4xw x1iyjqo2 x19gmnou xisnujt xeuugli x1odjw0f notranslate\" tabindex=\"0\" role=\"textbox\" contenteditable=\"true\" spellcheck=\"true\" aria-describedby=\"_r_p1_\" aria-label=\"Message\" aria-placeholder=\"Aa\" data-lexical-editor=\"true\"><\/div>\n<\/div>\n<\/div>\n<\/div>\n<\/div>\n<\/div>\n<\/div>\n<\/div>\n<\/div>","protected":false},"excerpt":{"rendered":"<p>TIMELESS RECIPES<\/p>\n<ul>\n<li>5 classic cakes<\/li>\n<li>\u00a010 fillings<\/li>\n<\/ul>\n<p>Solid foundations for consistent and elegant results.<\/p>","protected":false},"featured_media":2466,"comment_status":"open","ping_status":"closed","template":"","meta":{"_jf_save_progress":"","_jet_sm_ready_style":"","_jet_sm_style":"","_jet_sm_controls_values":"","_jet_sm_fonts_collection":"","_jet_sm_fonts_links":""},"product_brand":[61],"product_cat":[16],"product_tag":[],"class_list":{"0":"post-2464","1":"product","2":"type-product","3":"status-publish","4":"has-post-thumbnail","6":"product_brand-whirsensation","7":"product_cat-e-book","9":"first","10":"instock","11":"downloadable","12":"virtual","13":"taxable","14":"purchasable","15":"product-type-simple"},"yoast_head":"<!-- This site is optimized with the Yoast SEO plugin v27.4 - https:\/\/yoast.com\/product\/yoast-seo-wordpress\/ -->\n<title>Receitas Intemporais - Academia Profissional<\/title>\n<meta name=\"description\" content=\"\ud83c\udf70 Bolos &amp; Recheios inclu\u00eddos: Red Velvet com Cheese Cream e Sweet Rouge Bolo de Noz com Doce de Ovo e Ma\u00e7\u00e3 Bolo de Cenoura com Cremoso de Canela e Mousse de Laranja Bolo de Lim\u00e3o com Alperce e Mousse de Laranja Bolo de Chocolat com Cremoso de Chocolate e Carameloso\" \/>\n<meta name=\"robots\" content=\"index, follow, max-snippet:-1, max-image-preview:large, max-video-preview:-1\" \/>\n<link rel=\"canonical\" href=\"https:\/\/academiaprofissional.com\/en\/product\/receitas-intemporais\/\" \/>\n<meta property=\"og:locale\" content=\"en_GB\" \/>\n<meta property=\"og:type\" content=\"article\" \/>\n<meta property=\"og:title\" content=\"Receitas Intemporais - Academia Profissional\" \/>\n<meta property=\"og:description\" content=\"\ud83c\udf70 Bolos &amp; Recheios inclu\u00eddos: Red Velvet com Cheese Cream e Sweet Rouge Bolo de Noz com Doce de Ovo e Ma\u00e7\u00e3 Bolo de Cenoura com Cremoso de Canela e Mousse de Laranja Bolo de Lim\u00e3o com Alperce e Mousse de Laranja Bolo de Chocolat com Cremoso de Chocolate e Carameloso\" \/>\n<meta property=\"og:url\" content=\"https:\/\/academiaprofissional.com\/en\/product\/receitas-intemporais\/\" \/>\n<meta property=\"og:site_name\" content=\"Academia Profissional\" \/>\n<meta property=\"article:modified_time\" content=\"2026-01-06T21:43:58+00:00\" \/>\n<meta property=\"og:image\" content=\"https:\/\/academiaprofissional.com\/wp-content\/uploads\/2026\/01\/Design-sem-nome-3.png\" \/>\n\t<meta property=\"og:image:width\" content=\"512\" \/>\n\t<meta property=\"og:image:height\" content=\"512\" \/>\n\t<meta property=\"og:image:type\" content=\"image\/png\" \/>\n<meta name=\"twitter:card\" content=\"summary_large_image\" \/>\n<meta name=\"twitter:label1\" content=\"Estimated reading time\" \/>\n\t<meta name=\"twitter:data1\" content=\"2 minutes\" \/>\n<script type=\"application\/ld+json\" class=\"yoast-schema-graph\">{\"@context\":\"https:\\\/\\\/schema.org\",\"@graph\":[{\"@type\":\"WebPage\",\"@id\":\"https:\\\/\\\/academiaprofissional.com\\\/product\\\/receitas-intemporais\\\/\",\"url\":\"https:\\\/\\\/academiaprofissional.com\\\/product\\\/receitas-intemporais\\\/\",\"name\":\"Receitas Intemporais - Academia Profissional\",\"isPartOf\":{\"@id\":\"https:\\\/\\\/academiaprofissional.com\\\/#website\"},\"primaryImageOfPage\":{\"@id\":\"https:\\\/\\\/academiaprofissional.com\\\/product\\\/receitas-intemporais\\\/#primaryimage\"},\"image\":{\"@id\":\"https:\\\/\\\/academiaprofissional.com\\\/product\\\/receitas-intemporais\\\/#primaryimage\"},\"thumbnailUrl\":\"https:\\\/\\\/academiaprofissional.com\\\/wp-content\\\/uploads\\\/2026\\\/01\\\/Design-sem-nome-3.png\",\"datePublished\":\"2026-01-03T10:03:25+00:00\",\"dateModified\":\"2026-01-06T21:43:58+00:00\",\"description\":\"\ud83c\udf70 Bolos & Recheios inclu\u00eddos: Red Velvet com Cheese Cream e Sweet Rouge Bolo de Noz com Doce de Ovo e Ma\u00e7\u00e3 Bolo de Cenoura com Cremoso de Canela e Mousse de Laranja Bolo de Lim\u00e3o com Alperce e Mousse de Laranja Bolo de Chocolat com Cremoso de Chocolate e Carameloso\",\"breadcrumb\":{\"@id\":\"https:\\\/\\\/academiaprofissional.com\\\/product\\\/receitas-intemporais\\\/#breadcrumb\"},\"inLanguage\":\"en-GB\",\"potentialAction\":[{\"@type\":\"ReadAction\",\"target\":[\"https:\\\/\\\/academiaprofissional.com\\\/product\\\/receitas-intemporais\\\/\"]}]},{\"@type\":\"ImageObject\",\"inLanguage\":\"en-GB\",\"@id\":\"https:\\\/\\\/academiaprofissional.com\\\/product\\\/receitas-intemporais\\\/#primaryimage\",\"url\":\"https:\\\/\\\/academiaprofissional.com\\\/wp-content\\\/uploads\\\/2026\\\/01\\\/Design-sem-nome-3.png\",\"contentUrl\":\"https:\\\/\\\/academiaprofissional.com\\\/wp-content\\\/uploads\\\/2026\\\/01\\\/Design-sem-nome-3.png\",\"width\":512,\"height\":512},{\"@type\":\"BreadcrumbList\",\"@id\":\"https:\\\/\\\/academiaprofissional.com\\\/product\\\/receitas-intemporais\\\/#breadcrumb\",\"itemListElement\":[{\"@type\":\"ListItem\",\"position\":1,\"name\":\"Home\",\"item\":\"\\\/\"},{\"@type\":\"ListItem\",\"position\":2,\"name\":\"Shop\",\"item\":\"https:\\\/\\\/academiaprofissional.com\\\/shop\\\/\"},{\"@type\":\"ListItem\",\"position\":3,\"name\":\"Receitas Intemporais\"}]},{\"@type\":\"WebSite\",\"@id\":\"https:\\\/\\\/academiaprofissional.com\\\/#website\",\"url\":\"https:\\\/\\\/academiaprofissional.com\\\/\",\"name\":\"Academia Profissional\",\"description\":\"Academia Profissional Cake design - Bakery School\",\"publisher\":{\"@id\":\"https:\\\/\\\/academiaprofissional.com\\\/#organization\"},\"potentialAction\":[{\"@type\":\"SearchAction\",\"target\":{\"@type\":\"EntryPoint\",\"urlTemplate\":\"https:\\\/\\\/academiaprofissional.com\\\/?s={search_term_string}\"},\"query-input\":{\"@type\":\"PropertyValueSpecification\",\"valueRequired\":true,\"valueName\":\"search_term_string\"}}],\"inLanguage\":\"en-GB\"},{\"@type\":\"Organization\",\"@id\":\"https:\\\/\\\/academiaprofissional.com\\\/#organization\",\"name\":\"Academia Profissional\",\"url\":\"https:\\\/\\\/academiaprofissional.com\\\/\",\"logo\":{\"@type\":\"ImageObject\",\"inLanguage\":\"en-GB\",\"@id\":\"https:\\\/\\\/academiaprofissional.com\\\/#\\\/schema\\\/logo\\\/image\\\/\",\"url\":\"https:\\\/\\\/academiaprofissional.com\\\/wp-content\\\/uploads\\\/2025\\\/03\\\/DEFINITIVO.png\",\"contentUrl\":\"https:\\\/\\\/academiaprofissional.com\\\/wp-content\\\/uploads\\\/2025\\\/03\\\/DEFINITIVO.png\",\"width\":3785,\"height\":3785,\"caption\":\"Academia Profissional\"},\"image\":{\"@id\":\"https:\\\/\\\/academiaprofissional.com\\\/#\\\/schema\\\/logo\\\/image\\\/\"}}]}<\/script>\n<!-- \/ Yoast SEO plugin. -->","yoast_head_json":{"title":"Timeless Recipes - Professional Academy","description":"\ud83c\udf70 Cakes &amp; Fillings included: Red Velvet with Cream Cheese and Sweet Rouge; Walnut Cake with Egg Custard and Apple; Carrot Cake with Cinnamon Cream and Orange Mousse; Lemon Cake with Apricot and Orange Mousse; Chocolate Cake with Chocolate Cream and Caramel","robots":{"index":"index","follow":"follow","max-snippet":"max-snippet:-1","max-image-preview":"max-image-preview:large","max-video-preview":"max-video-preview:-1"},"canonical":"https:\/\/academiaprofissional.com\/en\/product\/receitas-intemporais\/","og_locale":"en_GB","og_type":"article","og_title":"Receitas Intemporais - Academia Profissional","og_description":"\ud83c\udf70 Bolos & Recheios inclu\u00eddos: Red Velvet com Cheese Cream e Sweet Rouge Bolo de Noz com Doce de Ovo e Ma\u00e7\u00e3 Bolo de Cenoura com Cremoso de Canela e Mousse de Laranja Bolo de Lim\u00e3o com Alperce e Mousse de Laranja Bolo de Chocolat com Cremoso de Chocolate e Carameloso","og_url":"https:\/\/academiaprofissional.com\/en\/product\/receitas-intemporais\/","og_site_name":"Academia Profissional","article_modified_time":"2026-01-06T21:43:58+00:00","og_image":[{"width":512,"height":512,"url":"https:\/\/academiaprofissional.com\/wp-content\/uploads\/2026\/01\/Design-sem-nome-3.png","type":"image\/png"}],"twitter_card":"summary_large_image","twitter_misc":{"Estimated reading time":"2 minutes"},"schema":{"@context":"https:\/\/schema.org","@graph":[{"@type":"WebPage","@id":"https:\/\/academiaprofissional.com\/product\/receitas-intemporais\/","url":"https:\/\/academiaprofissional.com\/product\/receitas-intemporais\/","name":"Timeless Recipes - Professional Academy","isPartOf":{"@id":"https:\/\/academiaprofissional.com\/#website"},"primaryImageOfPage":{"@id":"https:\/\/academiaprofissional.com\/product\/receitas-intemporais\/#primaryimage"},"image":{"@id":"https:\/\/academiaprofissional.com\/product\/receitas-intemporais\/#primaryimage"},"thumbnailUrl":"https:\/\/academiaprofissional.com\/wp-content\/uploads\/2026\/01\/Design-sem-nome-3.png","datePublished":"2026-01-03T10:03:25+00:00","dateModified":"2026-01-06T21:43:58+00:00","description":"\ud83c\udf70 Cakes &amp; Fillings included: Red Velvet with Cream Cheese and Sweet Rouge; Walnut Cake with Egg Custard and Apple; Carrot Cake with Cinnamon Cream and Orange Mousse; Lemon Cake with Apricot and Orange Mousse; Chocolate Cake with Chocolate Cream and Caramel","breadcrumb":{"@id":"https:\/\/academiaprofissional.com\/product\/receitas-intemporais\/#breadcrumb"},"inLanguage":"en-GB","potentialAction":[{"@type":"ReadAction","target":["https:\/\/academiaprofissional.com\/product\/receitas-intemporais\/"]}]},{"@type":"ImageObject","inLanguage":"en-GB","@id":"https:\/\/academiaprofissional.com\/product\/receitas-intemporais\/#primaryimage","url":"https:\/\/academiaprofissional.com\/wp-content\/uploads\/2026\/01\/Design-sem-nome-3.png","contentUrl":"https:\/\/academiaprofissional.com\/wp-content\/uploads\/2026\/01\/Design-sem-nome-3.png","width":512,"height":512},{"@type":"BreadcrumbList","@id":"https:\/\/academiaprofissional.com\/product\/receitas-intemporais\/#breadcrumb","itemListElement":[{"@type":"ListItem","position":1,"name":"Home","item":"\/"},{"@type":"ListItem","position":2,"name":"Shop","item":"https:\/\/academiaprofissional.com\/shop\/"},{"@type":"ListItem","position":3,"name":"Receitas Intemporais"}]},{"@type":"WebSite","@id":"https:\/\/academiaprofissional.com\/#website","url":"https:\/\/academiaprofissional.com\/","name":"Professional Academy","description":"Professional Cake Design Academy - Bakery School","publisher":{"@id":"https:\/\/academiaprofissional.com\/#organization"},"potentialAction":[{"@type":"SearchAction","target":{"@type":"EntryPoint","urlTemplate":"https:\/\/academiaprofissional.com\/?s={search_term_string}"},"query-input":{"@type":"PropertyValueSpecification","valueRequired":true,"valueName":"search_term_string"}}],"inLanguage":"en-GB"},{"@type":"Organization","@id":"https:\/\/academiaprofissional.com\/#organization","name":"Professional Academy","url":"https:\/\/academiaprofissional.com\/","logo":{"@type":"ImageObject","inLanguage":"en-GB","@id":"https:\/\/academiaprofissional.com\/#\/schema\/logo\/image\/","url":"https:\/\/academiaprofissional.com\/wp-content\/uploads\/2025\/03\/DEFINITIVO.png","contentUrl":"https:\/\/academiaprofissional.com\/wp-content\/uploads\/2025\/03\/DEFINITIVO.png","width":3785,"height":3785,"caption":"Academia Profissional"},"image":{"@id":"https:\/\/academiaprofissional.com\/#\/schema\/logo\/image\/"}}]}},"_links":{"self":[{"href":"https:\/\/academiaprofissional.com\/en\/wp-json\/wp\/v2\/product\/2464","targetHints":{"allow":["GET"]}}],"collection":[{"href":"https:\/\/academiaprofissional.com\/en\/wp-json\/wp\/v2\/product"}],"about":[{"href":"https:\/\/academiaprofissional.com\/en\/wp-json\/wp\/v2\/types\/product"}],"replies":[{"embeddable":true,"href":"https:\/\/academiaprofissional.com\/en\/wp-json\/wp\/v2\/comments?post=2464"}],"wp:featuredmedia":[{"embeddable":true,"href":"https:\/\/academiaprofissional.com\/en\/wp-json\/wp\/v2\/media\/2466"}],"wp:attachment":[{"href":"https:\/\/academiaprofissional.com\/en\/wp-json\/wp\/v2\/media?parent=2464"}],"wp:term":[{"taxonomy":"product_brand","embeddable":true,"href":"https:\/\/academiaprofissional.com\/en\/wp-json\/wp\/v2\/product_brand?post=2464"},{"taxonomy":"product_cat","embeddable":true,"href":"https:\/\/academiaprofissional.com\/en\/wp-json\/wp\/v2\/product_cat?post=2464"},{"taxonomy":"product_tag","embeddable":true,"href":"https:\/\/academiaprofissional.com\/en\/wp-json\/wp\/v2\/product_tag?post=2464"}],"curies":[{"name":"wp","href":"https:\/\/api.w.org\/{rel}","templated":true}]}}